{"id":768,"date":"2018-07-26T14:05:47","date_gmt":"2018-07-26T17:05:47","guid":{"rendered":"https:\/\/orzalinivelsuperior-slu.infd.edu.ar\/sitio\/?page_id=768"},"modified":"2024-03-05T21:28:47","modified_gmt":"2024-03-06T00:28:47","slug":"docentes","status":"publish","type":"page","link":"https:\/\/orzalinivelsuperior-slu.infd.edu.ar\/sitio\/docentes\/","title":{"rendered":"Trayecto Pedag\u00f3gico"},"content":{"rendered":"<header class=\"entry-header\">\n<h4 class=\"entry-title\">Trayectos Pedag\u00f3gicos<\/h4>\n<\/header>\n<div class=\"entry-content\">\n<p><strong class=\"x-el x-el-span c1-1k c1-1l c1-b c1-8h c1-41 c1-7n c1-8i\">El Instituto Superior de Formaci\u00f3n Docente \u00a0Monse\u00f1or Orzali dicta el trayecto de formaci\u00f3n pedag\u00f3gica destinado a profesionales con t\u00edtulos clasificados como habilitantes y supletorios en junta de clasificaci\u00f3n docente. Esta propuesta esta acreditada a nivel provincial<\/strong><\/p>\n<p><img decoding=\"async\" loading=\"lazy\" class=\"alignleft\" src=\"https:\/\/img1.wsimg.com\/isteam\/ip\/cc3c801d-46d2-4503-945b-e8a2e68427eb\/trayecto%20de%20formacion.jpg\/:\/cr=t:0%25,l:0%25,w:100%25,h:100%25\/rs=w:400,cg:true\" alt=\"Tissera Orzali  San Francisco ISFD Monse\u00f1or Orzali Colegio en Merlo San Luis\" width=\"262\" height=\"174\" \/><\/p>\n<p style=\"padding-left: 30px;\">Presencial, D\u00edas de Cursada Viernes de 18:30 a 22:30 y S\u00e1bados de 9 a 14hs<\/p>\n<p>M\u00e1s informaci\u00f3n y pre-inscripciones en:<\/p>\n<p style=\"padding-left: 30px;\"><span data-mce-mark=\"1\"><strong><a href=\"https:\/\/tisseramerlo.com\/nivel-superior\">https:\/\/tisseramerlo.com\/nivel-superior<\/a><\/strong><\/span><\/p>\n<\/div>\n<div class=\"x-el x-el-div c1-1 c1-2 c1-4 c1-u c1-bk c1-b c1-c c1-bl c1-d c1-o c1-e c1-f c1-g\" data-ux=\"Block\">\n<h4 role=\"heading\" aria-level=\"4\" data-ux=\"ContentOverlayCardHeading\" data-aid=\"ABOUT_HEADLINE_RENDERED3\" data-typography=\"HeadingDelta\">\u00a0<\/h4>\n<h4 class=\"x-el x-el-h4 c1-1 c1-2 c1-1n c1-1o c1-bm c1-22 c1-23 c1-24 c1-x c1-bn c1-5u c1-b c1-bo c1-c c1-6t c1-bp c1-d c1-e c1-f c1-g\" role=\"heading\" aria-level=\"4\" data-ux=\"ContentOverlayCardHeading\" data-aid=\"ABOUT_HEADLINE_RENDERED3\" data-typography=\"HeadingDelta\">Cursos de formaci\u00f3n docente continua<\/h4>\n<p class=\"x-el x-el-h4 c1-1 c1-2 c1-1n c1-1o c1-bm c1-22 c1-23 c1-24 c1-aj c1-2e c1-2f c1-bn c1-5u c1-b c1-bo c1-c c1-6t c1-br c1-d c1-e c1-f c1-g\" role=\"heading\" aria-level=\"4\" data-ux=\"ContentOverlayCardHeading\" data-typography=\"HeadingDelta\"><strong><span style=\"font-size: inherit;\">Capacitate en modos de concebir, experimentar y crear el conocimiento en la Educaci\u00f3n.<\/span><\/strong><\/p>\n<p role=\"heading\" aria-level=\"4\" data-ux=\"ContentOverlayCardHeading\" data-typography=\"HeadingDelta\">\u00a0<\/p>\n<p>M\u00e1s informaci\u00f3n y pre-inscripciones en:<\/p>\n<p style=\"padding-left: 30px;\"><span data-mce-mark=\"1\"><strong><a href=\"https:\/\/tisseramerlo.com\/nivel-superior\">https:\/\/tisseramerlo.com\/nivel-superior<\/a><\/strong><\/span><\/p>\n<\/div>\n<p>\u00a0<\/p>\n<p><span style=\"font-size: inherit;\">Por cualquier consulta, escribir a orzalinivelsuperior@gmail.com o comunicate al <\/span><a class=\"x-el x-el-a c1-1k c1-1l c1-1m c1-1n c1-1o c1-1p c1-1q c1-b c1-1v c1-c c1-1w c1-1x c1-1y c1-d c1-e c1-f c1-g\" style=\"font-size: inherit;\" role=\"link\" href=\"tel:02656476548\" rel=\"\" aria-haspopup=\"false\" data-ux=\"Link\" data-aid=\"CONTACT_INFO_PHONE_REND\" data-typography=\"LinkAlpha\" data-tccl=\"ux2.CONTACT.contact1.Content.Default.Link.Default.51970.click,click\">02656 476548<\/a><\/p>\n\n\n<p><\/p>\n","protected":false},"excerpt":{"rendered":"<p>Trayectos Pedag\u00f3gicos El Instituto Superior de Formaci\u00f3n Docente \u00a0Monse\u00f1or Orzali dicta el trayecto de formaci\u00f3n pedag\u00f3gica destinado a profesionales con t\u00edtulos clasificados como habilitantes y supletorios en junta de clasificaci\u00f3n docente. Esta propuesta esta acreditada a nivel provincial Presencial, D\u00edas de Cursada Viernes de 18:30 a 22:30 y S\u00e1bados de 9 a 14hs M\u00e1s informaci\u00f3n &#8230; <a title=\"Trayecto Pedag\u00f3gico\" class=\"read-more\" href=\"https:\/\/orzalinivelsuperior-slu.infd.edu.ar\/sitio\/docentes\/\" aria-label=\"More on Trayecto Pedag\u00f3gico\">[+]<\/a><\/p>\n","protected":false},"author":6,"featured_media":0,"parent":0,"menu_order":0,"comment_status":"closed","ping_status":"closed","template":"","meta":[],"acf":[],"_links":{"self":[{"href":"https:\/\/orzalinivelsuperior-slu.infd.edu.ar\/sitio\/wp-json\/wp\/v2\/pages\/768"}],"collection":[{"href":"https:\/\/orzalinivelsuperior-slu.infd.edu.ar\/sitio\/wp-json\/wp\/v2\/pages"}],"about":[{"href":"https:\/\/orzalinivelsuperior-slu.infd.edu.ar\/sitio\/wp-json\/wp\/v2\/types\/page"}],"author":[{"embeddable":true,"href":"https:\/\/orzalinivelsuperior-slu.infd.edu.ar\/sitio\/wp-json\/wp\/v2\/users\/6"}],"replies":[{"embeddable":true,"href":"https:\/\/orzalinivelsuperior-slu.infd.edu.ar\/sitio\/wp-json\/wp\/v2\/comments?post=768"}],"version-history":[{"count":15,"href":"https:\/\/orzalinivelsuperior-slu.infd.edu.ar\/sitio\/wp-json\/wp\/v2\/pages\/768\/revisions"}],"predecessor-version":[{"id":1031,"href":"https:\/\/orzalinivelsuperior-slu.infd.edu.ar\/sitio\/wp-json\/wp\/v2\/pages\/768\/revisions\/1031"}],"wp:attachment":[{"href":"https:\/\/orzalinivelsuperior-slu.infd.edu.ar\/sitio\/wp-json\/wp\/v2\/media?parent=768"}],"curies":[{"name":"wp","href":"https:\/\/api.w.org\/{rel}","templated":true}]}}