{"id":734,"date":"2018-07-26T10:49:22","date_gmt":"2018-07-26T13:49:22","guid":{"rendered":"https:\/\/orzalinivelsuperior-slu.infd.edu.ar\/sitio\/?page_id=734"},"modified":"2021-10-28T14:28:35","modified_gmt":"2021-10-28T17:28:35","slug":"plan-de-estudio","status":"publish","type":"page","link":"https:\/\/orzalinivelsuperior-slu.infd.edu.ar\/sitio\/catalogo\/plan-de-estudio\/","title":{"rendered":"Plan de estudio"},"content":{"rendered":"<h2>\u00a0 \u00a0 \u00a0 \u00a0 <img decoding=\"async\" loading=\"lazy\" class=\"aligncenter\" src=\"https:\/\/aahd.com.ar\/wp-content\/uploads\/2020\/05\/PLAN_ESTUDIOS.jpg\" alt=\"Plan de estudios Psicologia - AAHD\" width=\"751\" height=\"304\" \/><\/h2>\n<h2 style=\"text-align: center;\"><strong>PROFESORADO DE EDUCACI\u00d3N PRIMARIA<\/strong><\/h2>\n<p><img decoding=\"async\" loading=\"lazy\" class=\"aligncenter\" src=\"https:\/\/img1.wsimg.com\/isteam\/ip\/cc3c801d-46d2-4503-945b-e8a2e68427eb\/La-maestra-de-primaria.jpg\/:\/cr=t:0%25,l:0%25,w:100%25,h:100%25\/rs=w:400,cg:true\" alt=\"Tissera Orzali  San Francisco ISFD Monse\u00f1or Orzali Colegio en Merlo San Luis\" width=\"327\" height=\"187\" \/><\/p>\n<h4>PRIMER\u00a0 A\u00d1O<\/h4>\n<p><strong><u>PRIMER CUATRIMESTRE <\/u><\/strong><\/p>\n<p>Pedagog\u00eda<\/p>\n<p>Alfabetizaci\u00f3n Acad\u00e9mica<\/p>\n<p>Alfabetizaci\u00f3n Digital<\/p>\n<p>Lengua y Literatura<\/p>\n<p>Matem\u00e1tica<\/p>\n<p>Pr\u00e1ctica Docente I<\/p>\n<p>Formaci\u00f3n Cristiana I<\/p>\n<p><strong><u>SEGUNDO CUATRIMESTRE<\/u><\/strong><\/p>\n<p>Sociolog\u00eda de la Educaci\u00f3n<\/p>\n<p>Did\u00e1ctica general<\/p>\n<p>Ciencias Sociales<\/p>\n<p>Ciencias Naturales<\/p>\n<p>Pr\u00e1ctica Docente I<\/p>\n<p>Formaci\u00f3n Cristiana I<\/p>\n<h4><strong>SEGUNDO A\u00d1O<\/strong><\/h4>\n<p><u>PRIMER CUATRIMESTRE<\/u><\/p>\n<p>Psicolog\u00eda Educacional \u00a0<\/p>\n<p>Filosof\u00eda de la Educaci\u00f3n<\/p>\n<p>Alfabetizaci\u00f3n Inicial<\/p>\n<p>Ciencias Sociales y su Did\u00e1ctica I<\/p>\n<p>Lengua Literatura y su Did\u00e1ctica I<\/p>\n<p>Matem\u00e1tica y su Did\u00e1ctica I<\/p>\n<p>Ciencias naturales y su Did\u00e1ctica I<\/p>\n<p>Pr\u00e1ctica Docente II<\/p>\n<p>Formaci\u00f3n Cristiana II<\/p>\n<p><strong><u>SEGUNDO CUATRIMESTRE<\/u><\/strong><\/p>\n<p>Historia y Pol\u00edtica de la Educaci\u00f3n Argentina<\/p>\n<p>Formaci\u00f3n \u00c9tica y Ciudadana<\/p>\n<p>Sujetos de la Educaci\u00f3n Primaria<\/p>\n<p>Ciencias Sociales y su Did\u00e1ctica I<\/p>\n<p>Lengua Literatura y su Did\u00e1ctica I<\/p>\n<p>Matem\u00e1tica y su Did\u00e1ctica I<\/p>\n<p>Ciencias naturales y su Did\u00e1ctica I<\/p>\n<p>Pr\u00e1ctica Docente II<\/p>\n<p>Formaci\u00f3n Cristiana II<\/p>\n<h4><strong>TERCER A\u00d1O<\/strong><\/h4>\n<p><strong>\u00a0<\/strong><strong><u>PRIMER CUATRIMESTRE<\/u><\/strong><\/p>\n<p>Educaci\u00f3n Sexual Integral<\/p>\n<p>Educaci\u00f3n Tecnol\u00f3gica<\/p>\n<p>Ciencias Sociales y su Did\u00e1ctica II<\/p>\n<p>Lengua, Literatura y su Did\u00e1ctica II<\/p>\n<p>Matem\u00e1tica y su Did\u00e1ctica II<\/p>\n<p>Ciencias Naturales y su Did\u00e1ctica II<\/p>\n<p>Pr\u00e1ctica de la Ense\u00f1anza<\/p>\n<p>Formaci\u00f3n Cristiana III<\/p>\n<p><strong><u>SEGUNDO CUATRIMESTRE<\/u><\/strong><\/p>\n<p>Lenguajes Art\u00edsticos: M\u00fasica, Teatro, o Artes Visuales Optativo<\/p>\n<p>Problem\u00e1tica Contempor\u00e1nea de la Educaci\u00f3n Primaria<\/p>\n<p>Ciencias Sociales y su Did\u00e1ctica II<\/p>\n<p>Lengua, Literatura y su Did\u00e1ctica II<\/p>\n<p>Matem\u00e1tica y su Did\u00e1ctica II<\/p>\n<p>Ciencias Naturales y su Did\u00e1ctica<\/p>\n<p>Pr\u00e1ctica de la Ense\u00f1anza<\/p>\n<p>Formaci\u00f3n Cristiana III<\/p>\n<h4><strong>CUARTO A\u00d1O<\/strong><\/h4>\n<p><strong> <u>PRIMER CUATRIMESTRE<\/u><\/strong><\/p>\n<p><span style=\"font-size: inherit;\">Elaboraci\u00f3n de Proyectos Escolares<\/span><\/p>\n<p>Lengua Extranjera: Ingl\u00e9s o Portugu\u00e9s Materia Optativa<\/p>\n<p>Recursos Did\u00e1cticos Digitales<\/p>\n<p>Residencia Pedag\u00f3gica<\/p>\n<p>Doctrina Social de la Iglesia<\/p>\n<p><strong><u>SEGUNDO CUATRIMESTRE<\/u><\/strong><\/p>\n<p>Elaboraci\u00f3n de Proyectos Escolares<\/p>\n<p>Educaci\u00f3n F\u00edsica<\/p>\n<p>Residencia Pedag\u00f3gica<\/p>\n<p>Metodolog\u00eda catequ\u00edstica<\/p>\n<p>\u00a0<\/p>\n<h4><strong><u>INCUMBENCIAS: <\/u><\/strong><\/h4>\n<p>El T\u00edtulo de \u201cProfesor de Educaci\u00f3n Primaria\u201d lo acreditar\u00e1 para:\u00a0<\/p>\n<p>&#8211; Desarrollar la ense\u00f1anza en los seis a\u00f1os del nivel.<\/p>\n<p>&#8211; Integrar\u00a0 equipos de investigaci\u00f3n.<\/p>\n<p>&#8211; Desempe\u00f1ar actividades en instituciones de apoyo escolar<\/p>\n<p>&#8211; Participar activamente en la elaboraci\u00f3n de PCI y\u00a0\u00a0\u00a0\u00a0\u00a0\u00a0 Proyectos Espec\u00edficos.<\/p>\n<p><strong><u>ROL<\/u>:<\/strong> El \/la profesor\/a estar\u00e1 formado para:<\/p>\n<p>&#8211; Lograr un compromiso profundo con el estilo de vida democr\u00e1tico como corresponsable de la formaci\u00f3n de ciudadanos argentinos en un contexto socio-hist\u00f3rico\u00a0 y cultural particular.<\/p>\n<p>&#8211; Dominar los contenidos relevantes propios de los campos del saber que configuran su especialidad profesional docente.<\/p>\n<p>&#8211; Conocer, saber seleccionar, utilizar, evaluar, perfeccionar y crear estrategias de intervenci\u00f3n did\u00e1ctica\u00a0 efectivas.<\/p>\n<h4>\u00a0<\/h4>\n<p>\u00a0<\/p>\n<h2 style=\"text-align: center;\"><strong>PROFESORADO DE EDUCACI\u00d3N INICIAL<\/strong><\/h2>\n<p><img decoding=\"async\" loading=\"lazy\" class=\"aligncenter\" src=\"https:\/\/img1.wsimg.com\/isteam\/ip\/cc3c801d-46d2-4503-945b-e8a2e68427eb\/maestra%20inicial.jpg\/:\/cr=t:0%25,l:0%25,w:100%25,h:100%25\/rs=w:400,cg:true\" alt=\"Tissera Orzali  San Francisco ISFD Monse\u00f1or Orzali Colegio en Merlo San Luis\" width=\"342\" height=\"199\" \/><\/p>\n<h4>PRIMER\u00a0 A\u00d1O<\/h4>\n<p><strong><u>PRIMER CUATRIMESTRE <\/u><\/strong><\/p>\n<p>Pedagog\u00eda<\/p>\n<p>Alfabetizaci\u00f3n Acad\u00e9mica<\/p>\n<p>Alfabetizaci\u00f3n Digital<\/p>\n<p>Lengua<\/p>\n<p>Ciencias Sociales<\/p>\n<p>Pr\u00e1ctica Docente I<\/p>\n<p>Problem\u00e1tica Contempor\u00e1nea de la Educaci\u00f3n Inicial<\/p>\n<p>Formaci\u00f3n Cristiana I<\/p>\n<p><strong><u>SEGUNDO CUATRIMESTRE<\/u><\/strong><\/p>\n<p>Sociolog\u00eda de la Educaci\u00f3n<\/p>\n<p>Did\u00e1ctica general<\/p>\n<p>Matem\u00e1tica<\/p>\n<p>Ciencias Naturales<\/p>\n<p>Psicomotricidad<\/p>\n<p>Pr\u00e1ctica Docente I<\/p>\n<p>Problem\u00e1tica Contempor\u00e1nea de la Educaci\u00f3n Inicial<\/p>\n<p>Formaci\u00f3n Cristiana I<\/p>\n<h4><strong>SEGUNDO A\u00d1O<\/strong><\/h4>\n<p><u>PRIMER CUATRIMESTRE<\/u><\/p>\n<p>Psicolog\u00eda Educacional\u00a0<\/p>\n<p>Filosof\u00eda de la Educaci\u00f3n<\/p>\n<p>Did\u00e1ctica de la Educaci\u00f3n Inicial<\/p>\n<p>Alfabetizaci\u00f3n Inicial<\/p>\n<p>Educaci\u00f3n para la diversidad<\/p>\n<p>Sujeto de la Educaci\u00f3n Inicial<\/p>\n<p>Pr\u00e1ctica Docente II<\/p>\n<p>Formaci\u00f3n Cristiana II<\/p>\n<p><strong><u>SEGUNDO CUATRIMESTRE<\/u><\/strong><\/p>\n<p>Historia y Pol\u00edtica de la Educaci\u00f3n Argentina<\/p>\n<p>Formaci\u00f3n \u00c9tica y Ciudadana<\/p>\n<p>Lengua y su ense\u00f1anza.<\/p>\n<p>Ciencias Sociales y su ense\u00f1anza.<\/p>\n<p>Juego y estrategias l\u00fadicas<\/p>\n<p>Sujeto de la Educaci\u00f3n Inicial<\/p>\n<p>Pr\u00e1ctica Docente II<\/p>\n<p>Formaci\u00f3n Cristiana II<\/p>\n<h4><strong>TERCER A\u00d1O<\/strong><\/h4>\n<p><strong>\u00a0<\/strong><strong><u>PRIMER CUATRIMESTRE<\/u><\/strong><\/p>\n<p>Educaci\u00f3n Sexual Integral<\/p>\n<p>Matem\u00e1tica y su Ense\u00f1anza II<\/p>\n<p>Ciencias Naturales y su Ense\u00f1anza II<\/p>\n<p>Tecnolog\u00eda y su Ense\u00f1anza<\/p>\n<p>Educaci\u00f3n Art\u00edstica I : M\u00fasica<\/p>\n<p>Pr\u00e1ctica de la Ense\u00f1anza<\/p>\n<p>Formaci\u00f3n Cristiana III<\/p>\n<p><strong><u>SEGUNDO CUATRIMESTRE<\/u><\/strong><\/p>\n<p>Lenguajes Art\u00edsticos: M\u00fasica, Teatro, o Artes Visuales Optativo<\/p>\n<p>Educaci\u00f3n para la Salud<\/p>\n<p>Educaci\u00f3n Art\u00edstica II\u00a0 Artes Visuales<\/p>\n<p>Recursos Multimediales<\/p>\n<p>Pr\u00e1ctica de la Ense\u00f1anza<\/p>\n<p>Formaci\u00f3n Cristiana III<\/p>\n<h4><strong>CUARTO A\u00d1O<\/strong><\/h4>\n<p><strong>\u00a0<\/strong><strong><u>PRIMER CUATRIMESTRE<\/u><\/strong><\/p>\n<p>Lengua Extranjera: Ingl\u00e9s o Portugu\u00e9s Materia Optativa<\/p>\n<p>Literatura infantil y su ense\u00f1anza<\/p>\n<p>Educaci\u00f3n Art\u00edstica III\u00a0 Expresi\u00f3n corporal y teatro<\/p>\n<p>Residencia Pedag\u00f3gica<\/p>\n<p>Doctrina Social de la Iglesia<\/p>\n<p><strong><u>SEGUNDO CUATRIMESTRE<\/u><\/strong><\/p>\n<p>Educaci\u00f3n F\u00edsica<\/p>\n<p>Residencia Pedag\u00f3gica<\/p>\n<p>Metodolog\u00eda catequ\u00edstica<\/p>\n<p>\u00a0<\/p>\n<h4><strong><u>INCUMBENCIAS: <\/u><\/strong><\/h4>\n<p>El T\u00edtulo de \u201cProfesor\u00a0 de Educaci\u00f3n Inicial\u201d lo acreditar\u00e1 para\u00a0 desarrollar la<\/p>\n<p>Ense\u00f1anza en el nivel a ni\u00f1os de entre 45 d\u00edas y 5 a\u00f1os. El rol docente es una tarea particular y compleja y, por lo tanto,\u00a0\u00a0 requiere la construcci\u00f3n de un amplio repertorio de modalidades de intervenci\u00f3n que articule:<\/p>\n<ul>\n<li>El desarrollo y las posibilidades de aprendizaje de los ni\u00f1os.<\/li>\n<li>Sus variadas maneras de acercarse a la realidad<\/li>\n<li>La diversidad de alternativas que plantean los campos disciplinares.<\/li>\n<li>La comprensi\u00f3n de las alternativas que generan las propuestas l\u00fadicas.<\/li>\n<\/ul>\n\n\n<p><\/p>\n","protected":false},"excerpt":{"rendered":"<p>\u00a0 \u00a0 \u00a0 \u00a0 PROFESORADO DE EDUCACI\u00d3N PRIMARIA PRIMER\u00a0 A\u00d1O PRIMER CUATRIMESTRE Pedagog\u00eda Alfabetizaci\u00f3n Acad\u00e9mica Alfabetizaci\u00f3n Digital Lengua y Literatura Matem\u00e1tica Pr\u00e1ctica Docente I Formaci\u00f3n Cristiana I SEGUNDO CUATRIMESTRE Sociolog\u00eda de la Educaci\u00f3n Did\u00e1ctica general Ciencias Sociales Ciencias Naturales Pr\u00e1ctica Docente I Formaci\u00f3n Cristiana I SEGUNDO A\u00d1O PRIMER CUATRIMESTRE Psicolog\u00eda Educacional \u00a0 Filosof\u00eda de la &#8230; <a title=\"Plan de estudio\" class=\"read-more\" href=\"https:\/\/orzalinivelsuperior-slu.infd.edu.ar\/sitio\/catalogo\/plan-de-estudio\/\" aria-label=\"More on Plan de estudio\">[+]<\/a><\/p>\n","protected":false},"author":6,"featured_media":0,"parent":644,"menu_order":0,"comment_status":"closed","ping_status":"closed","template":"","meta":[],"acf":[],"_links":{"self":[{"href":"https:\/\/orzalinivelsuperior-slu.infd.edu.ar\/sitio\/wp-json\/wp\/v2\/pages\/734"}],"collection":[{"href":"https:\/\/orzalinivelsuperior-slu.infd.edu.ar\/sitio\/wp-json\/wp\/v2\/pages"}],"about":[{"href":"https:\/\/orzalinivelsuperior-slu.infd.edu.ar\/sitio\/wp-json\/wp\/v2\/types\/page"}],"author":[{"embeddable":true,"href":"https:\/\/orzalinivelsuperior-slu.infd.edu.ar\/sitio\/wp-json\/wp\/v2\/users\/6"}],"replies":[{"embeddable":true,"href":"https:\/\/orzalinivelsuperior-slu.infd.edu.ar\/sitio\/wp-json\/wp\/v2\/comments?post=734"}],"version-history":[{"count":15,"href":"https:\/\/orzalinivelsuperior-slu.infd.edu.ar\/sitio\/wp-json\/wp\/v2\/pages\/734\/revisions"}],"predecessor-version":[{"id":985,"href":"https:\/\/orzalinivelsuperior-slu.infd.edu.ar\/sitio\/wp-json\/wp\/v2\/pages\/734\/revisions\/985"}],"up":[{"embeddable":true,"href":"https:\/\/orzalinivelsuperior-slu.infd.edu.ar\/sitio\/wp-json\/wp\/v2\/pages\/644"}],"wp:attachment":[{"href":"https:\/\/orzalinivelsuperior-slu.infd.edu.ar\/sitio\/wp-json\/wp\/v2\/media?parent=734"}],"curies":[{"name":"wp","href":"https:\/\/api.w.org\/{rel}","templated":true}]}}