{"id":730,"date":"2018-07-26T10:40:07","date_gmt":"2018-07-26T13:40:07","guid":{"rendered":"https:\/\/orzalinivelsuperior-slu.infd.edu.ar\/sitio\/?page_id=730"},"modified":"2024-03-05T21:30:14","modified_gmt":"2024-03-06T00:30:14","slug":"ingresantes","status":"publish","type":"page","link":"https:\/\/orzalinivelsuperior-slu.infd.edu.ar\/sitio\/estudiantes\/ingresantes\/","title":{"rendered":"Ingresantes"},"content":{"rendered":"<p style=\"text-align: left;\">\n<p><strong class=\"x-el x-el-span c1-1k c1-1l c1-b c1-9z c1-41 c1-95 c1-a0\">LAS INSCRIPCIONES SE LLEVAR\u00c1N A CABO EL PRIMER DIA HABIL DEL MES DE OCTUBRE HASTA EL LUNES 21 DE DICIEMBRE, LUEGO DEL 20 DE FEBRERO AL 12 DE MARZO DE CADA A\u00d1O.<\/strong><\/p>\n<p><strong class=\"x-el x-el-span c1-1k c1-1l c1-b c1-9z c1-41 c1-95 c1-a0\">LAS MODALIDADES DE REALIZAR LA INSCRIPCI\u00d3N SER\u00c1N:<\/strong><\/p>\n<ul>\n<li><strong class=\"x-el x-el-span c1-1k c1-1l c1-b c1-9z c1-41 c1-95 c1-a0\">DE MANERA VIRTUAL A TRAV\u00c9S DEL GMAIL INSTITUCIONAL\u00a0<\/strong><a class=\"x-el x-el-a c1-1k c1-1l c1-a3 c1-1n c1-1o c1-1p c1-1q c1-8f c1-b c1-a4 c1-1w c1-a5 c1-a6\" href=\"mailto:orzalinivelsuperior@gmail.com\" rel=\"\"><u class=\"x-el x-el-span c1-1k c1-1l c1-b c1-9z c1-41 c1-1w c1-a0 c1-a3\"><strong class=\"x-el x-el-span c1-1k c1-1l c1-b c1-9z c1-41 c1-95 c1-a0\">orzalinivelsuperior@gmail.com<\/strong><\/u><\/a><\/li>\n<li><strong class=\"x-el x-el-span c1-1k c1-1l c1-b c1-9z c1-41 c1-95 c1-a0\">DE MANERA PRESENCIAL TODOS LOS D\u00cdAS 19 A 22 HS, EN EL INSTITUTO ORZALI, PADRE TISSERA 195, VILLA DE MERLO<\/strong><\/li>\n<\/ul>\n<p><strong class=\"x-el x-el-span c1-1k c1-1l c1-b c1-9z c1-41 c1-95 c1-a0\">LOS REQUISITOS:<\/strong><\/p>\n<ul>\n<li><strong class=\"x-el x-el-span c1-1k c1-1l c1-b c1-9z c1-41 c1-95 c1-a0\">FOTOCOPIA PARTIDA DE NACIMIENTO.<\/strong><\/li>\n<li><strong class=\"x-el x-el-span c1-1k c1-1l c1-b c1-9z c1-41 c1-95 c1-a0\">FOTOCOPIA DEL DNI Y 2 FOTOS 4X4.<\/strong><\/li>\n<li><strong class=\"x-el x-el-span c1-1k c1-1l c1-b c1-9z c1-41 c1-95 c1-a0\">CERTIFICADO ANAL\u00cdTICO DEL SECUNDARIO O POLIMODAL O CONSTANCIA DE ALUMNO REGULAR.\u00a0<\/strong><\/li>\n<li><strong class=\"x-el x-el-span c1-1k c1-1l c1-b c1-9z c1-41 c1-95 c1-a0\">CERTIFICADO DE BUENA SALUD<\/strong><\/li>\n<\/ul>\n<p><strong class=\"x-el x-el-span c1-1k c1-1l c1-b c1-9z c1-41 c1-95 c1-a0\">EN EL MES DE FEBRERO\u00a0 UNA SEGUNDA ETAPA DE INSCRIPCI\u00d3N. <\/strong><u class=\"x-el x-el-span c1-1k c1-1l c1-b c1-9z c1-41 c1-1w c1-a0 c1-a3\"><strong class=\"x-el x-el-span c1-1k c1-1l c1-b c1-9z c1-41 c1-95 c1-a0\">CONSULTAS:<\/strong><\/u><\/p>\n<ul>\n<li><strong class=\"x-el x-el-span c1-1k c1-1l c1-b c1-9z c1-41 c1-95 c1-a0\">AL TEL\u00c9FONO \u00a002656 476548 (Horario 19 a 22hs)<\/strong><\/li>\n<li><strong class=\"x-el x-el-span c1-1k c1-1l c1-b c1-9z c1-41 c1-95 c1-a0\">DE MANERA PRESENCIAL TODOS LOS DIAS (Horario 19 a 22hs)<\/strong><\/li>\n<li><strong class=\"x-el x-el-span c1-1k c1-1l c1-b c1-9z c1-41 c1-95 c1-a0\">DE LUNES A VIERNES AL MAIL\u00a0<\/strong><a class=\"x-el x-el-a c1-1k c1-1l c1-a3 c1-1n c1-1o c1-1p c1-1q c1-8f c1-b c1-a4 c1-1w c1-a5 c1-a6\" href=\"mailto:orzalinivelsuperior@gmail.com\" rel=\"\"><u class=\"x-el x-el-span c1-1k c1-1l c1-b c1-9z c1-41 c1-1w c1-a0 c1-a3\"><strong class=\"x-el x-el-span c1-1k c1-1l c1-b c1-9z c1-41 c1-95 c1-a0\">orzalinivelsuperior@gmail.com<\/strong><\/u><\/a><\/li>\n<\/ul>\n","protected":false},"excerpt":{"rendered":"<p>LAS INSCRIPCIONES SE LLEVAR\u00c1N A CABO EL PRIMER DIA HABIL DEL MES DE OCTUBRE HASTA EL LUNES 21 DE DICIEMBRE, LUEGO DEL 20 DE FEBRERO AL 12 DE MARZO DE CADA A\u00d1O. LAS MODALIDADES DE REALIZAR LA INSCRIPCI\u00d3N SER\u00c1N: DE MANERA VIRTUAL A TRAV\u00c9S DEL GMAIL INSTITUCIONAL\u00a0orzalinivelsuperior@gmail.com DE MANERA PRESENCIAL TODOS LOS D\u00cdAS 19 A &#8230; <a title=\"Ingresantes\" class=\"read-more\" href=\"https:\/\/orzalinivelsuperior-slu.infd.edu.ar\/sitio\/estudiantes\/ingresantes\/\" aria-label=\"More on Ingresantes\">[+]<\/a><\/p>\n","protected":false},"author":6,"featured_media":0,"parent":692,"menu_order":0,"comment_status":"closed","ping_status":"closed","template":"","meta":[],"acf":[],"_links":{"self":[{"href":"https:\/\/orzalinivelsuperior-slu.infd.edu.ar\/sitio\/wp-json\/wp\/v2\/pages\/730"}],"collection":[{"href":"https:\/\/orzalinivelsuperior-slu.infd.edu.ar\/sitio\/wp-json\/wp\/v2\/pages"}],"about":[{"href":"https:\/\/orzalinivelsuperior-slu.infd.edu.ar\/sitio\/wp-json\/wp\/v2\/types\/page"}],"author":[{"embeddable":true,"href":"https:\/\/orzalinivelsuperior-slu.infd.edu.ar\/sitio\/wp-json\/wp\/v2\/users\/6"}],"replies":[{"embeddable":true,"href":"https:\/\/orzalinivelsuperior-slu.infd.edu.ar\/sitio\/wp-json\/wp\/v2\/comments?post=730"}],"version-history":[{"count":6,"href":"https:\/\/orzalinivelsuperior-slu.infd.edu.ar\/sitio\/wp-json\/wp\/v2\/pages\/730\/revisions"}],"predecessor-version":[{"id":1032,"href":"https:\/\/orzalinivelsuperior-slu.infd.edu.ar\/sitio\/wp-json\/wp\/v2\/pages\/730\/revisions\/1032"}],"up":[{"embeddable":true,"href":"https:\/\/orzalinivelsuperior-slu.infd.edu.ar\/sitio\/wp-json\/wp\/v2\/pages\/692"}],"wp:attachment":[{"href":"https:\/\/orzalinivelsuperior-slu.infd.edu.ar\/sitio\/wp-json\/wp\/v2\/media?parent=730"}],"curies":[{"name":"wp","href":"https:\/\/api.w.org\/{rel}","templated":true}]}}