{"id":644,"date":"2018-06-18T14:12:35","date_gmt":"2018-06-18T17:12:35","guid":{"rendered":"https:\/\/orzalinivelsuperior-slu.infd.edu.ar\/sitio\/?page_id=644"},"modified":"2021-10-28T14:23:16","modified_gmt":"2021-10-28T17:23:16","slug":"catalogo","status":"publish","type":"page","link":"https:\/\/orzalinivelsuperior-slu.infd.edu.ar\/sitio\/catalogo\/","title":{"rendered":"Carreras"},"content":{"rendered":"<h2><strong>PROFESORADO DE EDUCACI\u00d3N INICIAL <img decoding=\"async\" loading=\"lazy\" class=\"\" src=\"http:\/\/www.ep3cc.blogsek.es\/files\/2014\/02\/cropped-educacion_primaria2.jpg\" width=\"312\" height=\"122\" \/><\/strong><\/h2>\n<p><a href=\"https:\/\/orzalinivelsuperior-slu.infd.edu.ar\/sitio\/wp-content\/uploads\/2019\/11\/RESOLUCI\u00d3N-N\u00b0-45-DISE\u00d1O-CURRICULAR-NIVEL-INICIAL-2.doc\">RESOLUCI\u00d3N N\u00b0 45 DISE\u00d1O CURRICULAR NIVEL INICIAL (2)<\/a><\/p>\n<h2>PROFESORADO DE EDUCACI\u00d3N PRIMARIA <img decoding=\"async\" loading=\"lazy\" class=\"\" src=\"https:\/\/logrosperu.com\/files\/articulos\/medianas\/estudiar-educacion-inicial.jpg\" alt=\"Por qu\u00e9 estudiar Educaci\u00f3n Inicial?\" width=\"242\" height=\"161\" \/><\/h2>\n<p><a href=\"https:\/\/orzalinivelsuperior-slu.infd.edu.ar\/sitio\/wp-content\/uploads\/2019\/11\/RESOLUCI\u00d3N-N\u00b0-199-ME-2014.pdf\">RESOLUCI\u00d3N N\u00b0 199-ME-2014<\/a><\/p>\n<p><a href=\"https:\/\/orzalinivelsuperior-slu.infd.edu.ar\/sitio\/catalogo\/plan-de-estudio\/\"><strong>Ver planes de estudios<\/strong><\/a><\/p>\n","protected":false},"excerpt":{"rendered":"<p>PROFESORADO DE EDUCACI\u00d3N INICIAL RESOLUCI\u00d3N N\u00b0 45 DISE\u00d1O CURRICULAR NIVEL INICIAL (2) PROFESORADO DE EDUCACI\u00d3N PRIMARIA RESOLUCI\u00d3N N\u00b0 199-ME-2014 Ver planes de estudios<\/p>\n","protected":false},"author":1,"featured_media":0,"parent":0,"menu_order":0,"comment_status":"closed","ping_status":"closed","template":"","meta":[],"acf":[],"_links":{"self":[{"href":"https:\/\/orzalinivelsuperior-slu.infd.edu.ar\/sitio\/wp-json\/wp\/v2\/pages\/644"}],"collection":[{"href":"https:\/\/orzalinivelsuperior-slu.infd.edu.ar\/sitio\/wp-json\/wp\/v2\/pages"}],"about":[{"href":"https:\/\/orzalinivelsuperior-slu.infd.edu.ar\/sitio\/wp-json\/wp\/v2\/types\/page"}],"author":[{"embeddable":true,"href":"https:\/\/orzalinivelsuperior-slu.infd.edu.ar\/sitio\/wp-json\/wp\/v2\/users\/1"}],"replies":[{"embeddable":true,"href":"https:\/\/orzalinivelsuperior-slu.infd.edu.ar\/sitio\/wp-json\/wp\/v2\/comments?post=644"}],"version-history":[{"count":10,"href":"https:\/\/orzalinivelsuperior-slu.infd.edu.ar\/sitio\/wp-json\/wp\/v2\/pages\/644\/revisions"}],"predecessor-version":[{"id":980,"href":"https:\/\/orzalinivelsuperior-slu.infd.edu.ar\/sitio\/wp-json\/wp\/v2\/pages\/644\/revisions\/980"}],"wp:attachment":[{"href":"https:\/\/orzalinivelsuperior-slu.infd.edu.ar\/sitio\/wp-json\/wp\/v2\/media?parent=644"}],"curies":[{"name":"wp","href":"https:\/\/api.w.org\/{rel}","templated":true}]}}