{"id":286,"date":"2016-10-31T13:17:59","date_gmt":"2016-10-31T16:17:59","guid":{"rendered":"https:\/\/orzalinivelsuperior-slu.infd.edu.ar\/sitio\/?page_id=286"},"modified":"2021-10-28T18:03:19","modified_gmt":"2021-10-28T21:03:19","slug":"inicio","status":"publish","type":"page","link":"https:\/\/orzalinivelsuperior-slu.infd.edu.ar\/sitio\/","title":{"rendered":"ISFD Monse\u00f1or Orzali"},"content":{"rendered":"<div id=\"metaslider-id-403\" style=\"width: 100%;\" class=\"ml-slider-3-33-0 metaslider metaslider-flex metaslider-403 ml-slider ms-theme-default\" role=\"region\" aria-roledescription=\"Slideshow\" aria-label=\"Slideshow\">\n    <div id=\"metaslider_container_403\">\n        <div id=\"metaslider_403\" class=\"flexslider\">\n            <ul aria-live=\"polite\" class=\"slides\">\n                <li style=\"display: block; width: 100%;\" class=\"slide-962 ms-image\" aria-roledescription=\"slide\" aria-label=\"slide-962\"><a href=\"https:\/\/tisseramerlo.com\/nivel-superior\" target=\"_self\"><img src=\"https:\/\/orzalinivelsuperior-slu.infd.edu.ar\/sitio\/wp-content\/uploads\/2021\/10\/banner-isfd-2-555x101.jpg\" height=\"200\" width=\"1100\" alt=\"\" class=\"slider-403 slide-962\" title=\"banner isfd\" \/><\/a><\/li>\n                <li style=\"display: none; width: 100%;\" class=\"slide-925 ms-image\" aria-roledescription=\"slide\" aria-label=\"slide-925\"><a href=\"https:\/\/orzalinivelsuperior-slu.infd.edu.ar\/sitio\/catalogo\/plan-de-estudio\/\" target=\"_self\"><img src=\"https:\/\/orzalinivelsuperior-slu.infd.edu.ar\/sitio\/wp-content\/uploads\/2021\/10\/carreras-isfd-banner-561x102.jpg\" height=\"200\" width=\"1100\" alt=\"\" class=\"slider-403 slide-925\" title=\"carreras isfd banner\" \/><\/a><\/li>\n                <li style=\"display: none; width: 100%;\" class=\"slide-927 ms-image\" aria-roledescription=\"slide\" aria-label=\"slide-927\"><a href=\"https:\/\/orzalinivelsuperior-slu.infd.edu.ar\/sitio\/proyecto-sendereando\/\" target=\"_self\"><img src=\"https:\/\/orzalinivelsuperior-slu.infd.edu.ar\/sitio\/wp-content\/uploads\/2021\/10\/sendereando-banner-555x101.jpg\" height=\"200\" width=\"1100\" alt=\"\" class=\"slider-403 slide-927\" title=\"sendereando banner\" \/><\/a><\/li>\n                <li style=\"display: none; width: 100%;\" class=\"slide-635 ms-image\" aria-roledescription=\"slide\" aria-label=\"slide-635\"><a href=\"https:\/\/www.argentina.gob.ar\/tema\/estudiar\/formacion-docencia\" target=\"_blank\"><img src=\"https:\/\/orzalinivelsuperior-slu.infd.edu.ar\/sitio\/wp-content\/uploads\/2018\/06\/convocatorias_slide6-1-1100x200.png\" height=\"200\" width=\"1100\" alt=\"\" class=\"slider-403 slide-635\" title=\"convocatorias_slide6-1\" \/><\/a><\/li>\n                <li style=\"display: none; width: 100%;\" class=\"slide-609 ms-image\" aria-roledescription=\"slide\" aria-label=\"slide-609\"><a href=\"https:\/\/www.argentina.gob.ar\/educacion\/becas\" target=\"_blank\"><img src=\"https:\/\/orzalinivelsuperior-slu.infd.edu.ar\/sitio\/wp-content\/uploads\/2018\/06\/becas7-1100x200.png\" height=\"200\" width=\"1100\" alt=\"\" class=\"slider-403 slide-609\" title=\"becas7\" \/><\/a><\/li>\n            <\/ul>\n        <\/div>\n        \n    <\/div>\n<\/div>\n<div  class=\"lgc-column lgc-grid-parent lgc-grid-33 lgc-tablet-grid-50 lgc-mobile-grid-100 lgc-equal-heights \"><div  class=\"inside-grid-column\"> <img decoding=\"async\" loading=\"lazy\" class=\"alignnone wp-image-930 \" src=\"https:\/\/orzalinivelsuperior-slu.infd.edu.ar\/sitio\/wp-content\/uploads\/2021\/10\/La-maestra-de-primaria.jpg\" alt=\"\" width=\"361\" height=\"206\" \/>\n<h4 class=\"x-el x-el-h4 c1-1 c1-2 c1-1n c1-1o c1-bm c1-22 c1-23 c1-24 c1-x c1-bn c1-5u c1-b c1-bo c1-c c1-6t c1-bp c1-d c1-e c1-f c1-g\" role=\"heading\" aria-level=\"4\" data-ux=\"ContentOverlayCardHeading\" data-aid=\"ABOUT_HEADLINE_RENDERED1\" data-typography=\"HeadingDelta\">Profesorado Educaci\u00f3n Primaria<\/h4>\n<p>Los Docentes de Educaci\u00f3n Primaria son los que aseguran la correcta alfabetizaci\u00f3n, es decir, que ense\u00f1an a leer, escribir, c\u00e1lculo b\u00e1sico y algunos de los conceptos culturales considerados imprescindibles, denominadas competencias b\u00e1sicas y competencias clave para el mundo de hoy.. <a href=\"https:\/\/orzalinivelsuperior-slu.infd.edu.ar\/sitio\/catalogo\/\"><span style=\"color: #0000ff;\">[+ INFO]<\/span><\/a> <\/p><\/div><\/div> <div  class=\"lgc-column lgc-grid-parent lgc-grid-33 lgc-tablet-grid-50 lgc-mobile-grid-100 lgc-equal-heights \"><div  class=\"inside-grid-column\"> <img decoding=\"async\" loading=\"lazy\" class=\"alignnone wp-image-933 \" src=\"https:\/\/orzalinivelsuperior-slu.infd.edu.ar\/sitio\/wp-content\/uploads\/2021\/10\/maestra-inicial-1000x583.jpg\" alt=\"\" width=\"340\" height=\"198\" srcset=\"https:\/\/orzalinivelsuperior-slu.infd.edu.ar\/sitio\/wp-content\/uploads\/2021\/10\/maestra-inicial-1000x583.jpg 1000w, https:\/\/orzalinivelsuperior-slu.infd.edu.ar\/sitio\/wp-content\/uploads\/2021\/10\/maestra-inicial-768x448.jpg 768w, https:\/\/orzalinivelsuperior-slu.infd.edu.ar\/sitio\/wp-content\/uploads\/2021\/10\/maestra-inicial.jpg 1200w\" sizes=\"(max-width: 340px) 100vw, 340px\" \/>\n<h4 class=\"x-el x-el-h4 c1-1 c1-2 c1-1n c1-1o c1-bm c1-22 c1-23 c1-24 c1-x c1-bn c1-5u c1-b c1-bo c1-c c1-6t c1-bp c1-d c1-e c1-f c1-g\" role=\"heading\" aria-level=\"4\" data-ux=\"ContentOverlayCardHeading\" data-aid=\"ABOUT_HEADLINE_RENDERED0\" data-typography=\"HeadingDelta\">Profesorado Educaci\u00f3n Inicial<\/h4>\n<p>Los Docentes de Educaci\u00f3n Inicial son los encargados del cuidado y ense\u00f1anza de grupos de ni\u00f1os de hasta 6 a\u00f1os de edad. <a href=\"https:\/\/orzalinivelsuperior-slu.infd.edu.ar\/sitio\/catalogo\/\"><span style=\"color: #0000ff;\">[+ INFO<\/span><span style=\"color: #0000ff;\">]<\/span><\/a><\/p><\/div><\/div> <div  class=\"lgc-column lgc-grid-parent lgc-grid-33 lgc-tablet-grid-50 lgc-mobile-grid-100 lgc-equal-heights \"><div  class=\"inside-grid-column\"> <img decoding=\"async\" loading=\"lazy\" class=\"alignnone wp-image-837 \" src=\"https:\/\/orzalinivelsuperior-slu.infd.edu.ar\/sitio\/wp-content\/uploads\/2021\/10\/sendereando.png\" alt=\"\" width=\"264\" height=\"197\" \/>\n<h4 class=\"x-el x-el-h6 c1-1 c1-2 c1-1n c1-1o c1-4x c1-24 c1-d6 c1-18 c1-b c1-ay c1-26 c1-27 c1-28 c1-29 c1-2a c1-2b\" data-ux=\"Details\" data-aid=\"SECONDARY_TITLE_RENDERED\" data-typography=\"DetailsAlpha\" data-font-scaled=\"true\">Nuestro proyecto institucional del ISFD Monse\u00f1or Orzali<\/h4>\n<h5 class=\"x-el x-el-h2 c1-86 c1-2 c1-1n c1-1o c1-21 c1-22 c1-23 c1-24 c1-x c1-18 c1-31 c1-32 c1-33 c1-34 c1-1f c1-c3 c1-2o c1-27 c1-al c1-2p c1-ab c1-y c1-d7 c1-z c1-d8 c1-d9 c1-bi c1-10 c1-da c1-2q c1-2r c1-2s\" role=\"heading\" aria-level=\"2\" data-ux=\"HeadingMajor\" data-aid=\"SECTION_TITLE_RENDERED\" data-typography=\"HeadingAlpha\" data-font-scaled=\"true\">La Pr\u00e1ctica Profesional Docente y Residencia Pedag\u00f3gica<\/h5>\n<div class=\"x-el x-el-div x-el c1-1 c1-2 c1-db c1-4 c1-13 c1-57 c1-d0 c1-dc c1-b c1-c c1-d c1-e c1-f c1-g c1-1 c1-2 c1-b c1-c c1-d c1-e c1-f c1-g\" data-ux=\"HorizontalBox\">\n<div class=\"x-el c1-1 c1-2 c1-1n c1-1o c1-4x c1-24 c1-x c1-t c1-b c1-bs c1-26 c1-27 c1-28 c1-29 c1-2a c1-2b x-rt\" data-ux=\"Text\" data-aid=\"DESCRIPTION_TEXT\" data-typography=\"BodyBeta\">\n<p>Dando respuesta a los desaf\u00edos que debe enfrentar la tarea educativa en estos tiempos, en 2021, la Pr\u00e1ctica Profesional Docente y la Residencia Pedag\u00f3gica ampl\u00eda el escenario de intervenci\u00f3n docente. Sumando a la Pr\u00e1ctica y Residencia en las aulas de instituciones escolares, los espacios socio-culturales comunitarios.\u00a0<\/p>\n<\/div>\n<\/div>\n<p>. <a href=\"https:\/\/orzalinivelsuperior-slu.infd.edu.ar\/sitio\/proyecto-sendereando\/\"><span style=\"color: #0000ff;\">[+ INFO<\/span><span style=\"color: #0000ff;\">]<\/span><\/a> <\/p><\/div><\/div>\n<p>&nbsp;<\/p>\n<div class=\"x-el x-el-div c1-1 c1-2 c1-8h c1-b c1-c c1-d c1-e c1-f c1-g\" data-ux=\"Block\">\n<p data-ux=\"ContentText\" data-aid=\"CONTACT_INFO_ADDRESS_REND\" data-typography=\"BodyAlpha\">ISFD Monse\u00f1or Orzali<\/p>\n<p class=\"x-el x-el-p c1-1 c1-2 c1-1n c1-1o c1-4x c1-24 c1-aj c1-b c1-35 c1-c c1-27 c1-d c1-e c1-f c1-g\" data-ux=\"ContentText\" data-aid=\"CONTACT_INFO_ADDRESS_REND\" data-typography=\"BodyAlpha\">Poeta Conti &amp; Avenida del Cipr\u00e9s, Merlo, San Luis, Argentina<\/p>\n<p class=\"x-el x-el-p c1-1 c1-2 c1-1n c1-1o c1-4x c1-24 c1-aj c1-b c1-35 c1-c c1-27 c1-d c1-e c1-f c1-g\" data-ux=\"ContentText\" data-typography=\"BodyAlpha\"><a class=\"x-el x-el-a c1-1k c1-1l c1-1m c1-1n c1-1o c1-1p c1-1q c1-b c1-1v c1-c c1-1w c1-1x c1-1y c1-d c1-e c1-f c1-g\" role=\"link\" href=\"tel:02656476548\" rel=\"\" aria-haspopup=\"false\" data-ux=\"Link\" data-aid=\"CONTACT_INFO_PHONE_REND\" data-typography=\"LinkAlpha\" data-tccl=\"ux2.CONTACT.contact1.Content.Default.Link.Default.51970.click,click\">02656 476548<\/a><\/p>\n<\/div>\n<div class=\"x-el x-el-div c1-1 c1-2 c1-b c1-c c1-d c1-e c1-f c1-g\" data-ux=\"Block\">\n<div class=\"x-el x-el-div c1-1 c1-2 c1-g1 c1-b c1-c c1-d c1-e c1-f c1-g\" data-ux=\"Block\">\n<h4 class=\"x-el x-el-h4 c1-1 c1-2 c1-1n c1-1o c1-98 c1-22 c1-23 c1-24 c1-aj c1-b c1-5l c1-c c1-6t c1-d c1-e c1-f c1-g\" role=\"heading\" aria-level=\"4\" data-ux=\"ContentHeading\" data-aid=\"CONTACT_HOURS_TITLE_REND\" data-typography=\"HeadingDelta\">Horario de consultas 19:00-22:00<\/h4>\n<div class=\"x-el x-el-div c1-1 c1-2 c1-aj c1-b c1-c c1-d c1-e c1-f c1-g\" data-ux=\"Block\" data-aid=\"CONTACT_HOURS_REND\">\n<div id=\"bs-11\" class=\"x-el x-el-div c1-1 c1-2 c1-b c1-c c1-d c1-e c1-f c1-g\" data-ux=\"Element\">Como llegar: <a href=\"https:\/\/www.google.com\/maps\/dir\/\/Poeta+Conti,+Merlo,+San+Luis\/@-32.3440783,-65.0190805,15z\/data=!3m1!4b1!4m8!4m7!1m0!1m5!1m1!1s0x95d2e15059c6de3b:0xb9e6b1f867357a78!2m2!1d-65.0103257!2d-32.3440786\" target=\"_blank\" rel=\"noopener\">ubicaci\u00f3n en Google maps\u00a0<\/a><\/div>\n<\/div>\n<\/div>\n<\/div>\n<div data-ux=\"Element\">\u00a0<\/div>\n<div data-ux=\"Element\">\n<p><img decoding=\"async\" loading=\"lazy\" class=\"alignnone wp-image-1001 size-full\" src=\"https:\/\/orzalinivelsuperior-slu.infd.edu.ar\/sitio\/wp-content\/uploads\/2021\/10\/btn-face.png\" alt=\"\" width=\"44\" height=\"50\" \/>\u00a0<a href=\"https:\/\/www.facebook.com\/isfdmonsorzali\/?ref=bookmarks\"><span style=\"color: #0000ff;\">[Seguinos en Facebook]<\/span><\/a>\u00a0<\/p>\n<p><img decoding=\"async\" loading=\"lazy\" class=\"alignnone wp-image-1004 size-full\" src=\"https:\/\/orzalinivelsuperior-slu.infd.edu.ar\/sitio\/wp-content\/uploads\/2021\/10\/btn-instagram.png\" alt=\"\" width=\"47\" height=\"47\" \/>\u00a0<a href=\"https:\/\/www.instagram.com\/isfdmonsorzali\/\"><span style=\"color: #0000ff;\">[Seguinos en Instagram]<\/span><\/a><\/p>\n<p><img decoding=\"async\" loading=\"lazy\" class=\"alignnone wp-image-1007 size-full\" src=\"https:\/\/orzalinivelsuperior-slu.infd.edu.ar\/sitio\/wp-content\/uploads\/2021\/10\/btn-youtube.png\" alt=\"\" width=\"43\" height=\"46\" \/>\u00a0<a href=\"https:\/\/www.youtube.com\/channel\/UCsYO9sn5qy8xD5zfWyQFFnw\"><span style=\"color: #0000ff;\">[Unite a nuestro canal de YouTube]<\/span><\/a>\u00a0<\/p>\n<\/div>\n<p>Dise\u00f1o George<\/p>\n<p>\u00a0<img decoding=\"async\" loading=\"lazy\" class=\"alignnone wp-image-1016 size-full\" src=\"https:\/\/orzalinivelsuperior-slu.infd.edu.ar\/sitio\/wp-content\/uploads\/2021\/10\/IMG-20211028-WA0006.jpg\" alt=\"\" width=\"512\" height=\"512\" srcset=\"https:\/\/orzalinivelsuperior-slu.infd.edu.ar\/sitio\/wp-content\/uploads\/2021\/10\/IMG-20211028-WA0006.jpg 512w, https:\/\/orzalinivelsuperior-slu.infd.edu.ar\/sitio\/wp-content\/uploads\/2021\/10\/IMG-20211028-WA0006-500x500.jpg 500w\" sizes=\"(max-width: 512px) 100vw, 512px\" \/><\/p>\n<p>&nbsp;<\/p>\n","protected":false},"excerpt":{"rendered":"<p>&nbsp; ISFD Monse\u00f1or Orzali Poeta Conti &amp; Avenida del Cipr\u00e9s, Merlo, San Luis, Argentina 02656 476548 Horario de consultas 19:00-22:00 Como llegar: ubicaci\u00f3n en Google maps\u00a0 \u00a0 \u00a0[Seguinos en Facebook]\u00a0 \u00a0[Seguinos en Instagram] \u00a0[Unite a nuestro canal de YouTube]\u00a0 Dise\u00f1o George \u00a0 &nbsp;<\/p>\n","protected":false},"author":1,"featured_media":0,"parent":0,"menu_order":0,"comment_status":"closed","ping_status":"closed","template":"","meta":[],"acf":[],"_links":{"self":[{"href":"https:\/\/orzalinivelsuperior-slu.infd.edu.ar\/sitio\/wp-json\/wp\/v2\/pages\/286"}],"collection":[{"href":"https:\/\/orzalinivelsuperior-slu.infd.edu.ar\/sitio\/wp-json\/wp\/v2\/pages"}],"about":[{"href":"https:\/\/orzalinivelsuperior-slu.infd.edu.ar\/sitio\/wp-json\/wp\/v2\/types\/page"}],"author":[{"embeddable":true,"href":"https:\/\/orzalinivelsuperior-slu.infd.edu.ar\/sitio\/wp-json\/wp\/v2\/users\/1"}],"replies":[{"embeddable":true,"href":"https:\/\/orzalinivelsuperior-slu.infd.edu.ar\/sitio\/wp-json\/wp\/v2\/comments?post=286"}],"version-history":[{"count":127,"href":"https:\/\/orzalinivelsuperior-slu.infd.edu.ar\/sitio\/wp-json\/wp\/v2\/pages\/286\/revisions"}],"predecessor-version":[{"id":1018,"href":"https:\/\/orzalinivelsuperior-slu.infd.edu.ar\/sitio\/wp-json\/wp\/v2\/pages\/286\/revisions\/1018"}],"wp:attachment":[{"href":"https:\/\/orzalinivelsuperior-slu.infd.edu.ar\/sitio\/wp-json\/wp\/v2\/media?parent=286"}],"curies":[{"name":"wp","href":"https:\/\/api.w.org\/{rel}","templated":true}]}}